{"id":2214,"date":"2025-07-22T12:39:23","date_gmt":"2025-07-22T10:39:23","guid":{"rendered":"https:\/\/luckyhorn.net\/product\/t-shirt-lasciare-andare-e-il-passo-di-chi-ama-davvero-black-white\/"},"modified":"2025-09-11T15:07:18","modified_gmt":"2025-09-11T13:07:18","slug":"t-shirt-lasciare-andare-e-il-passo-di-chi-ama-davvero-black-white","status":"publish","type":"product","link":"https:\/\/luckyhorn.net\/it\/prodotto\/t-shirt-lasciare-andare-e-il-passo-di-chi-ama-davvero-black-white\/","title":{"rendered":"T-shirt \u2013 &#8220;Lasciare andare \u00e8 il passo di chi ama davvero&#8221; (Black\/White)"},"content":{"rendered":"<p data-start=\"244\" data-end=\"545\"><strong data-start=\"244\" data-end=\"297\">&#8220;Lasciare andare \u00e8 il passo di chi ama davvero&#8221;<\/strong>. Indossa una delle citazioni pi\u00f9 potenti ed emozionanti di <em data-start=\"356\" data-end=\"372\">&#8220;Cosa Sono Io&#8221; <\/em>di Cristiano Cosa. Stampata su <strong data-start=\"407\" data-end=\"434\">una t-shirt di alta qualit\u00e0<\/strong>, disponibile in <strong data-start=\"449\" data-end=\"458\">bianco<\/strong> o <strong data-start=\"462\" data-end=\"471\">nero<\/strong>, questa grafica cattura la profondit\u00e0 e la vulnerabilit\u00e0 del messaggio dell&#8217;album.<\/p>\n<p data-start=\"547\" data-end=\"607\">Un pezzo senza tempo per chi vive (e ama) con coraggio.<\/p>\n","protected":false},"excerpt":{"rendered":"<p>&#8220;Lasciare andare \u00e8 il passo di chi ama davvero&#8221;. Indossa una delle citazioni pi\u00f9 potenti ed emozionanti di &#8220;Cosa Sono Io&#8221; di Cristiano Cosa. Stampata su una t-shirt di alta qualit\u00e0, disponibile in bianco o nero, questa grafica cattura la profondit\u00e0 e la vulnerabilit\u00e0 del messaggio dell&#8217;album. Un pezzo senza tempo per chi vive (e [&hellip;]<\/p>\n","protected":false},"featured_media":2129,"comment_status":"closed","ping_status":"closed","template":"","meta":{"site-sidebar-layout":"default","site-content-layout":"","ast-site-content-layout":"default","site-content-style":"default","site-sidebar-style":"default","ast-global-header-display":"","ast-banner-title-visibility":"","ast-main-header-display":"","ast-hfb-above-header-display":"","ast-hfb-below-header-display":"","ast-hfb-mobile-header-display":"","site-post-title":"","ast-breadcrumbs-content":"","ast-featured-img":"","footer-sml-layout":"","theme-transparent-header-meta":"default","adv-header-id-meta":"","stick-header-meta":"default","header-above-stick-meta":"","header-main-stick-meta":"","header-below-stick-meta":"","astra-migrate-meta-layouts":"set","ast-page-background-enabled":"default","ast-page-background-meta":{"desktop":{"background-color":"var(--ast-global-color-4)","background-image":"","background-repeat":"repeat","background-position":"center center","background-size":"auto","background-attachment":"scroll","background-type":"","background-media":"","overlay-type":"","overlay-color":"","overlay-opacity":"","overlay-gradient":""},"tablet":{"background-color":"","background-image":"","background-repeat":"repeat","background-position":"center center","background-size":"auto","background-attachment":"scroll","background-type":"","background-media":"","overlay-type":"","overlay-color":"","overlay-opacity":"","overlay-gradient":""},"mobile":{"background-color":"","background-image":"","background-repeat":"repeat","background-position":"center center","background-size":"auto","background-attachment":"scroll","background-type":"","background-media":"","overlay-type":"","overlay-color":"","overlay-opacity":"","overlay-gradient":""}},"ast-content-background-meta":{"desktop":{"background-color":"var(--ast-global-color-5)","background-image":"","background-repeat":"repeat","background-position":"center center","background-size":"auto","background-attachment":"scroll","background-type":"","background-media":"","overlay-type":"","overlay-color":"","overlay-opacity":"","overlay-gradient":""},"tablet":{"background-color":"var(--ast-global-color-5)","background-image":"","background-repeat":"repeat","background-position":"center center","background-size":"auto","background-attachment":"scroll","background-type":"","background-media":"","overlay-type":"","overlay-color":"","overlay-opacity":"","overlay-gradient":""},"mobile":{"background-color":"var(--ast-global-color-5)","background-image":"","background-repeat":"repeat","background-position":"center center","background-size":"auto","background-attachment":"scroll","background-type":"","background-media":"","overlay-type":"","overlay-color":"","overlay-opacity":"","overlay-gradient":""}}},"product_brand":[],"product_cat":[66],"product_tag":[],"class_list":{"0":"post-2214","1":"product","2":"type-product","3":"status-publish","4":"has-post-thumbnail","6":"product_cat-clothes-it","7":"desktop-align-left","8":"tablet-align-left","9":"mobile-align-left","10":"ast-product-gallery-layout-horizontal-slider","11":"ast-product-single-variable","12":"ast-product-tabs-layout-horizontal","14":"first","15":"instock","16":"taxable","17":"shipping-taxable","18":"purchasable","19":"product-type-variable"},"yoast_head":"<!-- This site is optimized with the Yoast SEO plugin v25.0 - https:\/\/yoast.com\/wordpress\/plugins\/seo\/ -->\n<title>T-shirt \u2013 &quot;Lasciare andare \u00e8 il passo di chi ama davvero&quot; (Black\/White) - Luckyhorn<\/title>\n<meta name=\"robots\" content=\"index, follow, max-snippet:-1, max-image-preview:large, max-video-preview:-1\" \/>\n<link rel=\"canonical\" href=\"https:\/\/luckyhorn.net\/it\/prodotto\/t-shirt-lasciare-andare-e-il-passo-di-chi-ama-davvero-black-white\/\" \/>\n<meta property=\"og:locale\" content=\"it_IT\" \/>\n<meta property=\"og:type\" content=\"article\" \/>\n<meta property=\"og:title\" content=\"T-shirt \u2013 &quot;Lasciare andare \u00e8 il passo di chi ama davvero&quot; (Black\/White) - Luckyhorn\" \/>\n<meta property=\"og:description\" content=\"&#8220;Lasciare andare \u00e8 il passo di chi ama davvero&#8221;. Indossa una delle citazioni pi\u00f9 potenti ed emozionanti di &#8220;Cosa Sono Io&#8221; di Cristiano Cosa. Stampata su una t-shirt di alta qualit\u00e0, disponibile in bianco o nero, questa grafica cattura la profondit\u00e0 e la vulnerabilit\u00e0 del messaggio dell&#8217;album. Un pezzo senza tempo per chi vive (e [&hellip;]\" \/>\n<meta property=\"og:url\" content=\"https:\/\/luckyhorn.net\/it\/prodotto\/t-shirt-lasciare-andare-e-il-passo-di-chi-ama-davvero-black-white\/\" \/>\n<meta property=\"og:site_name\" content=\"Luckyhorn\" \/>\n<meta property=\"article:modified_time\" content=\"2025-09-11T13:07:18+00:00\" \/>\n<meta property=\"og:image\" content=\"http:\/\/luckyhorn.net\/wp-content\/uploads\/2025\/07\/mockup-tshirt-06.jpg\" \/>\n\t<meta property=\"og:image:width\" content=\"1800\" \/>\n\t<meta property=\"og:image:height\" content=\"1350\" \/>\n\t<meta property=\"og:image:type\" content=\"image\/jpeg\" \/>\n<meta name=\"twitter:card\" content=\"summary_large_image\" \/>\n<meta name=\"twitter:label1\" content=\"Tempo di lettura stimato\" \/>\n\t<meta name=\"twitter:data1\" content=\"1 minuto\" \/>\n<script type=\"application\/ld+json\" class=\"yoast-schema-graph\">{\"@context\":\"https:\/\/schema.org\",\"@graph\":[{\"@type\":\"WebPage\",\"@id\":\"https:\/\/luckyhorn.net\/it\/prodotto\/t-shirt-lasciare-andare-e-il-passo-di-chi-ama-davvero-black-white\/\",\"url\":\"https:\/\/luckyhorn.net\/it\/prodotto\/t-shirt-lasciare-andare-e-il-passo-di-chi-ama-davvero-black-white\/\",\"name\":\"T-shirt \u2013 \\\"Lasciare andare \u00e8 il passo di chi ama davvero\\\" (Black\/White) - Luckyhorn\",\"isPartOf\":{\"@id\":\"https:\/\/luckyhorn.net\/it\/#website\"},\"primaryImageOfPage\":{\"@id\":\"https:\/\/luckyhorn.net\/it\/prodotto\/t-shirt-lasciare-andare-e-il-passo-di-chi-ama-davvero-black-white\/#primaryimage\"},\"image\":{\"@id\":\"https:\/\/luckyhorn.net\/it\/prodotto\/t-shirt-lasciare-andare-e-il-passo-di-chi-ama-davvero-black-white\/#primaryimage\"},\"thumbnailUrl\":\"https:\/\/luckyhorn.net\/wp-content\/uploads\/2025\/07\/mockup-tshirt-06.jpg\",\"datePublished\":\"2025-07-22T10:39:23+00:00\",\"dateModified\":\"2025-09-11T13:07:18+00:00\",\"breadcrumb\":{\"@id\":\"https:\/\/luckyhorn.net\/it\/prodotto\/t-shirt-lasciare-andare-e-il-passo-di-chi-ama-davvero-black-white\/#breadcrumb\"},\"inLanguage\":\"it-IT\",\"potentialAction\":[{\"@type\":\"ReadAction\",\"target\":[\"https:\/\/luckyhorn.net\/it\/prodotto\/t-shirt-lasciare-andare-e-il-passo-di-chi-ama-davvero-black-white\/\"]}]},{\"@type\":\"ImageObject\",\"inLanguage\":\"it-IT\",\"@id\":\"https:\/\/luckyhorn.net\/it\/prodotto\/t-shirt-lasciare-andare-e-il-passo-di-chi-ama-davvero-black-white\/#primaryimage\",\"url\":\"https:\/\/luckyhorn.net\/wp-content\/uploads\/2025\/07\/mockup-tshirt-06.jpg\",\"contentUrl\":\"https:\/\/luckyhorn.net\/wp-content\/uploads\/2025\/07\/mockup-tshirt-06.jpg\",\"width\":1800,\"height\":1350},{\"@type\":\"BreadcrumbList\",\"@id\":\"https:\/\/luckyhorn.net\/it\/prodotto\/t-shirt-lasciare-andare-e-il-passo-di-chi-ama-davvero-black-white\/#breadcrumb\",\"itemListElement\":[{\"@type\":\"ListItem\",\"position\":1,\"name\":\"Home\",\"item\":\"https:\/\/luckyhorn.net\/it\/\"},{\"@type\":\"ListItem\",\"position\":2,\"name\":\"Shop\",\"item\":\"https:\/\/luckyhorn.net\/it\/shop\/\"},{\"@type\":\"ListItem\",\"position\":3,\"name\":\"T-shirt \u2013 &#8220;Lasciare andare \u00e8 il passo di chi ama davvero&#8221; (Black\/White)\"}]},{\"@type\":\"WebSite\",\"@id\":\"https:\/\/luckyhorn.net\/it\/#website\",\"url\":\"https:\/\/luckyhorn.net\/it\/\",\"name\":\"Luckyhorn\",\"description\":\"\",\"publisher\":{\"@id\":\"https:\/\/luckyhorn.net\/it\/#organization\"},\"potentialAction\":[{\"@type\":\"SearchAction\",\"target\":{\"@type\":\"EntryPoint\",\"urlTemplate\":\"https:\/\/luckyhorn.net\/it\/?s={search_term_string}\"},\"query-input\":{\"@type\":\"PropertyValueSpecification\",\"valueRequired\":true,\"valueName\":\"search_term_string\"}}],\"inLanguage\":\"it-IT\"},{\"@type\":\"Organization\",\"@id\":\"https:\/\/luckyhorn.net\/it\/#organization\",\"name\":\"Luckyhorn\",\"url\":\"https:\/\/luckyhorn.net\/it\/\",\"logo\":{\"@type\":\"ImageObject\",\"inLanguage\":\"it-IT\",\"@id\":\"https:\/\/luckyhorn.net\/it\/#\/schema\/logo\/image\/\",\"url\":\"https:\/\/luckyhorn.net\/wp-content\/uploads\/2023\/01\/Luckyhorn_negativo.png\",\"contentUrl\":\"https:\/\/luckyhorn.net\/wp-content\/uploads\/2023\/01\/Luckyhorn_negativo.png\",\"width\":1638,\"height\":561,\"caption\":\"Luckyhorn\"},\"image\":{\"@id\":\"https:\/\/luckyhorn.net\/it\/#\/schema\/logo\/image\/\"}}]}<\/script>\n<!-- \/ Yoast SEO plugin. -->","yoast_head_json":{"title":"T-shirt \u2013 \"Lasciare andare \u00e8 il passo di chi ama davvero\" (Black\/White) - Luckyhorn","robots":{"index":"index","follow":"follow","max-snippet":"max-snippet:-1","max-image-preview":"max-image-preview:large","max-video-preview":"max-video-preview:-1"},"canonical":"https:\/\/luckyhorn.net\/it\/prodotto\/t-shirt-lasciare-andare-e-il-passo-di-chi-ama-davvero-black-white\/","og_locale":"it_IT","og_type":"article","og_title":"T-shirt \u2013 \"Lasciare andare \u00e8 il passo di chi ama davvero\" (Black\/White) - Luckyhorn","og_description":"&#8220;Lasciare andare \u00e8 il passo di chi ama davvero&#8221;. Indossa una delle citazioni pi\u00f9 potenti ed emozionanti di &#8220;Cosa Sono Io&#8221; di Cristiano Cosa. Stampata su una t-shirt di alta qualit\u00e0, disponibile in bianco o nero, questa grafica cattura la profondit\u00e0 e la vulnerabilit\u00e0 del messaggio dell&#8217;album. Un pezzo senza tempo per chi vive (e [&hellip;]","og_url":"https:\/\/luckyhorn.net\/it\/prodotto\/t-shirt-lasciare-andare-e-il-passo-di-chi-ama-davvero-black-white\/","og_site_name":"Luckyhorn","article_modified_time":"2025-09-11T13:07:18+00:00","og_image":[{"width":1800,"height":1350,"url":"http:\/\/luckyhorn.net\/wp-content\/uploads\/2025\/07\/mockup-tshirt-06.jpg","type":"image\/jpeg"}],"twitter_card":"summary_large_image","twitter_misc":{"Tempo di lettura stimato":"1 minuto"},"schema":{"@context":"https:\/\/schema.org","@graph":[{"@type":"WebPage","@id":"https:\/\/luckyhorn.net\/it\/prodotto\/t-shirt-lasciare-andare-e-il-passo-di-chi-ama-davvero-black-white\/","url":"https:\/\/luckyhorn.net\/it\/prodotto\/t-shirt-lasciare-andare-e-il-passo-di-chi-ama-davvero-black-white\/","name":"T-shirt \u2013 \"Lasciare andare \u00e8 il passo di chi ama davvero\" (Black\/White) - Luckyhorn","isPartOf":{"@id":"https:\/\/luckyhorn.net\/it\/#website"},"primaryImageOfPage":{"@id":"https:\/\/luckyhorn.net\/it\/prodotto\/t-shirt-lasciare-andare-e-il-passo-di-chi-ama-davvero-black-white\/#primaryimage"},"image":{"@id":"https:\/\/luckyhorn.net\/it\/prodotto\/t-shirt-lasciare-andare-e-il-passo-di-chi-ama-davvero-black-white\/#primaryimage"},"thumbnailUrl":"https:\/\/luckyhorn.net\/wp-content\/uploads\/2025\/07\/mockup-tshirt-06.jpg","datePublished":"2025-07-22T10:39:23+00:00","dateModified":"2025-09-11T13:07:18+00:00","breadcrumb":{"@id":"https:\/\/luckyhorn.net\/it\/prodotto\/t-shirt-lasciare-andare-e-il-passo-di-chi-ama-davvero-black-white\/#breadcrumb"},"inLanguage":"it-IT","potentialAction":[{"@type":"ReadAction","target":["https:\/\/luckyhorn.net\/it\/prodotto\/t-shirt-lasciare-andare-e-il-passo-di-chi-ama-davvero-black-white\/"]}]},{"@type":"ImageObject","inLanguage":"it-IT","@id":"https:\/\/luckyhorn.net\/it\/prodotto\/t-shirt-lasciare-andare-e-il-passo-di-chi-ama-davvero-black-white\/#primaryimage","url":"https:\/\/luckyhorn.net\/wp-content\/uploads\/2025\/07\/mockup-tshirt-06.jpg","contentUrl":"https:\/\/luckyhorn.net\/wp-content\/uploads\/2025\/07\/mockup-tshirt-06.jpg","width":1800,"height":1350},{"@type":"BreadcrumbList","@id":"https:\/\/luckyhorn.net\/it\/prodotto\/t-shirt-lasciare-andare-e-il-passo-di-chi-ama-davvero-black-white\/#breadcrumb","itemListElement":[{"@type":"ListItem","position":1,"name":"Home","item":"https:\/\/luckyhorn.net\/it\/"},{"@type":"ListItem","position":2,"name":"Shop","item":"https:\/\/luckyhorn.net\/it\/shop\/"},{"@type":"ListItem","position":3,"name":"T-shirt \u2013 &#8220;Lasciare andare \u00e8 il passo di chi ama davvero&#8221; (Black\/White)"}]},{"@type":"WebSite","@id":"https:\/\/luckyhorn.net\/it\/#website","url":"https:\/\/luckyhorn.net\/it\/","name":"Luckyhorn","description":"","publisher":{"@id":"https:\/\/luckyhorn.net\/it\/#organization"},"potentialAction":[{"@type":"SearchAction","target":{"@type":"EntryPoint","urlTemplate":"https:\/\/luckyhorn.net\/it\/?s={search_term_string}"},"query-input":{"@type":"PropertyValueSpecification","valueRequired":true,"valueName":"search_term_string"}}],"inLanguage":"it-IT"},{"@type":"Organization","@id":"https:\/\/luckyhorn.net\/it\/#organization","name":"Luckyhorn","url":"https:\/\/luckyhorn.net\/it\/","logo":{"@type":"ImageObject","inLanguage":"it-IT","@id":"https:\/\/luckyhorn.net\/it\/#\/schema\/logo\/image\/","url":"https:\/\/luckyhorn.net\/wp-content\/uploads\/2023\/01\/Luckyhorn_negativo.png","contentUrl":"https:\/\/luckyhorn.net\/wp-content\/uploads\/2023\/01\/Luckyhorn_negativo.png","width":1638,"height":561,"caption":"Luckyhorn"},"image":{"@id":"https:\/\/luckyhorn.net\/it\/#\/schema\/logo\/image\/"}}]}},"_links":{"self":[{"href":"https:\/\/luckyhorn.net\/it\/wp-json\/wp\/v2\/product\/2214","targetHints":{"allow":["GET"]}}],"collection":[{"href":"https:\/\/luckyhorn.net\/it\/wp-json\/wp\/v2\/product"}],"about":[{"href":"https:\/\/luckyhorn.net\/it\/wp-json\/wp\/v2\/types\/product"}],"replies":[{"embeddable":true,"href":"https:\/\/luckyhorn.net\/it\/wp-json\/wp\/v2\/comments?post=2214"}],"wp:featuredmedia":[{"embeddable":true,"href":"https:\/\/luckyhorn.net\/it\/wp-json\/wp\/v2\/media\/2129"}],"wp:attachment":[{"href":"https:\/\/luckyhorn.net\/it\/wp-json\/wp\/v2\/media?parent=2214"}],"wp:term":[{"taxonomy":"product_brand","embeddable":true,"href":"https:\/\/luckyhorn.net\/it\/wp-json\/wp\/v2\/product_brand?post=2214"},{"taxonomy":"product_cat","embeddable":true,"href":"https:\/\/luckyhorn.net\/it\/wp-json\/wp\/v2\/product_cat?post=2214"},{"taxonomy":"product_tag","embeddable":true,"href":"https:\/\/luckyhorn.net\/it\/wp-json\/wp\/v2\/product_tag?post=2214"}],"curies":[{"name":"wp","href":"https:\/\/api.w.org\/{rel}","templated":true}]}}