{"id":2383,"date":"2025-09-11T16:43:21","date_gmt":"2025-09-11T14:43:21","guid":{"rendered":"https:\/\/luckyhorn.net\/?post_type=product&#038;p=2383"},"modified":"2025-09-12T10:41:16","modified_gmt":"2025-09-12T08:41:16","slug":"cristiano-cosa-cosa-sono-io-album-cd","status":"publish","type":"product","link":"https:\/\/luckyhorn.net\/it\/prodotto\/cristiano-cosa-cosa-sono-io-album-cd\/","title":{"rendered":"Cristiano Cosa \u2013 Cosa Sono Io (Versione CD)"},"content":{"rendered":"<div role=\"listitem\">\n<div class=\"\">\n<div id=\"post_ibwa7k9h7tfy3x4zextn6zg31y\" class=\"a11y__section post other--root\" tabindex=\"0\" aria-label=\"Alle 14:28 del marted\u00ec 5 agosto, simone.dandria ha scritto, **Titolo:** **[PRE-SALE] \u2013 Cristiano Cosa \u2013 *Cosa Sono Io* (Vinile Trasparente)** **Descrizione:** Scopri *Cosa Sono Io*, il primo album di **Cristiano Cosa**, un viaggio musicale tra identit\u00e0, rinascita e libert\u00e0 interiore. Un concept album che unisce introspezione e visioni esistenziali, con brani che raccontano la ricerca di s\u00e9 e il coraggio di ricominciare. **Dettagli dell\u2019edizione vinile:** * Vinile **trasparente** 12&quot; a tiratura limitata * Tabloid con guida all'ascolto autografato * Poster e sticker in omaggio **Nota importante:** Questa \u00e8 una **edizione Pre-sale**: le spedizioni partiranno dal **12 settembre 2025**. Prenota ora la tua copia e vivi *Cosa Sono Io* prima di tutti. **Versione breve (tipo scheda prodotto)** **Pre-sale \u2013 Vinile trasparente 12&quot; di Cristiano Cosa, *Cosa Sono Io*.** Prima tiratura limitata, tabloid esclusivo e gadget in omaggio. **Spedizione a partire da 12\/09\/2025 \u2013 Prenota ora!**\" data-testid=\"postView\">\n<div class=\"post__content \" role=\"application\" data-testid=\"postContent\">\n<div id=\"ibwa7k9h7tfy3x4zextn6zg31y_message\" class=\"post__body\">\n<div class=\"AutoHeight\">\n<div class=\"post-message post-message--collapsed\">\n<div class=\"post-message__text-container\">\n<div id=\"postMessageText_ibwa7k9h7tfy3x4zextn6zg31y\" class=\"post-message__text\" dir=\"auto\" tabindex=\"0\">\n<p><em>Cosa Sono Io <\/em>\u00e8 il nuovo album di <strong>Cristiano Cosa<\/strong>, un viaggio musicale tra identit\u00e0, rinascita e libert\u00e0 interiore. Un concept album che unisce introspezione e visioni esistenziali, con brani che raccontano la ricerca di s\u00e9 e il coraggio di ricominciare.<\/p>\n<p><strong>Dettagli dell\u2019edizione CD:<\/strong><\/p>\n<ul class=\"markdown__list\">\n<li>CD Album<\/li>\n<li>Tabloid con guida all&#8217;ascolto autografato<\/li>\n<li>Poster e sticker in omaggio<\/li>\n<\/ul>\n<\/div>\n<\/div>\n<\/div>\n<\/div>\n<\/div>\n<\/div>\n<\/div>\n<\/div>\n<\/div>\n","protected":false},"excerpt":{"rendered":"<p>Cosa Sono Io \u00e8 il nuovo album di Cristiano Cosa, un viaggio musicale tra identit\u00e0, rinascita e libert\u00e0 interiore. Un concept album che unisce introspezione e visioni esistenziali, con brani che raccontano la ricerca di s\u00e9 e il coraggio di ricominciare. Dettagli dell\u2019edizione CD: CD Album Tabloid con guida all&#8217;ascolto autografato Poster e sticker in [&hellip;]<\/p>\n","protected":false},"featured_media":2387,"comment_status":"closed","ping_status":"closed","template":"","meta":{"site-sidebar-layout":"default","site-content-layout":"","ast-site-content-layout":"default","site-content-style":"default","site-sidebar-style":"default","ast-global-header-display":"","ast-banner-title-visibility":"","ast-main-header-display":"","ast-hfb-above-header-display":"","ast-hfb-below-header-display":"","ast-hfb-mobile-header-display":"","site-post-title":"","ast-breadcrumbs-content":"","ast-featured-img":"","footer-sml-layout":"","theme-transparent-header-meta":"default","adv-header-id-meta":"","stick-header-meta":"default","header-above-stick-meta":"","header-main-stick-meta":"","header-below-stick-meta":"","astra-migrate-meta-layouts":"set","ast-page-background-enabled":"default","ast-page-background-meta":{"desktop":{"background-color":"var(--ast-global-color-4)","background-image":"","background-repeat":"repeat","background-position":"center center","background-size":"auto","background-attachment":"scroll","background-type":"","background-media":"","overlay-type":"","overlay-color":"","overlay-opacity":"","overlay-gradient":""},"tablet":{"background-color":"","background-image":"","background-repeat":"repeat","background-position":"center center","background-size":"auto","background-attachment":"scroll","background-type":"","background-media":"","overlay-type":"","overlay-color":"","overlay-opacity":"","overlay-gradient":""},"mobile":{"background-color":"","background-image":"","background-repeat":"repeat","background-position":"center center","background-size":"auto","background-attachment":"scroll","background-type":"","background-media":"","overlay-type":"","overlay-color":"","overlay-opacity":"","overlay-gradient":""}},"ast-content-background-meta":{"desktop":{"background-color":"var(--ast-global-color-5)","background-image":"","background-repeat":"repeat","background-position":"center center","background-size":"auto","background-attachment":"scroll","background-type":"","background-media":"","overlay-type":"","overlay-color":"","overlay-opacity":"","overlay-gradient":""},"tablet":{"background-color":"var(--ast-global-color-5)","background-image":"","background-repeat":"repeat","background-position":"center center","background-size":"auto","background-attachment":"scroll","background-type":"","background-media":"","overlay-type":"","overlay-color":"","overlay-opacity":"","overlay-gradient":""},"mobile":{"background-color":"var(--ast-global-color-5)","background-image":"","background-repeat":"repeat","background-position":"center center","background-size":"auto","background-attachment":"scroll","background-type":"","background-media":"","overlay-type":"","overlay-color":"","overlay-opacity":"","overlay-gradient":""}}},"product_brand":[],"product_cat":[61],"product_tag":[],"class_list":{"0":"post-2383","1":"product","2":"type-product","3":"status-publish","4":"has-post-thumbnail","6":"product_cat-music","7":"desktop-align-left","8":"tablet-align-left","9":"mobile-align-left","10":"ast-product-gallery-layout-horizontal-slider","11":"ast-product-tabs-layout-horizontal","13":"first","14":"instock","15":"taxable","16":"shipping-taxable","17":"purchasable","18":"product-type-simple"},"yoast_head":"<!-- This site is optimized with the Yoast SEO plugin v27.4 - https:\/\/yoast.com\/product\/yoast-seo-wordpress\/ -->\n<title>Cristiano Cosa \u2013 Cosa Sono Io (Versione CD) - Luckyhorn<\/title>\n<meta name=\"description\" content=\"CD Album di Cristiano Cosa, Cosa Sono Io. Prima tiratura limitata, tabloid esclusivo e gadget in omaggio. Acquistalo subito!\" \/>\n<meta name=\"robots\" content=\"index, follow, max-snippet:-1, max-image-preview:large, max-video-preview:-1\" \/>\n<link rel=\"canonical\" href=\"https:\/\/luckyhorn.net\/it\/prodotto\/cristiano-cosa-cosa-sono-io-album-cd\/\" \/>\n<meta property=\"og:locale\" content=\"it_IT\" \/>\n<meta property=\"og:type\" content=\"article\" \/>\n<meta property=\"og:title\" content=\"Cristiano Cosa \u2013 Cosa Sono Io (Versione CD) - Luckyhorn\" \/>\n<meta property=\"og:description\" content=\"CD Album di Cristiano Cosa, Cosa Sono Io. Prima tiratura limitata, tabloid esclusivo e gadget in omaggio. Acquistalo subito!\" \/>\n<meta property=\"og:url\" content=\"https:\/\/luckyhorn.net\/it\/prodotto\/cristiano-cosa-cosa-sono-io-album-cd\/\" \/>\n<meta property=\"og:site_name\" content=\"Luckyhorn\" \/>\n<meta property=\"article:modified_time\" content=\"2025-09-12T08:41:16+00:00\" \/>\n<meta property=\"og:image\" content=\"http:\/\/luckyhorn.net\/wp-content\/uploads\/2025\/09\/mockup-cd-01.jpg\" \/>\n\t<meta property=\"og:image:width\" content=\"1800\" \/>\n\t<meta property=\"og:image:height\" content=\"1350\" \/>\n\t<meta property=\"og:image:type\" content=\"image\/jpeg\" \/>\n<meta name=\"twitter:card\" content=\"summary_large_image\" \/>\n<meta name=\"twitter:label1\" content=\"Tempo di lettura stimato\" \/>\n\t<meta name=\"twitter:data1\" content=\"1 minuto\" \/>\n<script type=\"application\/ld+json\" class=\"yoast-schema-graph\">{\"@context\":\"https:\\\/\\\/schema.org\",\"@graph\":[{\"@type\":\"WebPage\",\"@id\":\"https:\\\/\\\/luckyhorn.net\\\/it\\\/prodotto\\\/cristiano-cosa-cosa-sono-io-album-cd\\\/\",\"url\":\"https:\\\/\\\/luckyhorn.net\\\/it\\\/prodotto\\\/cristiano-cosa-cosa-sono-io-album-cd\\\/\",\"name\":\"Cristiano Cosa \u2013 Cosa Sono Io (Versione CD) - Luckyhorn\",\"isPartOf\":{\"@id\":\"https:\\\/\\\/luckyhorn.net\\\/it\\\/#website\"},\"primaryImageOfPage\":{\"@id\":\"https:\\\/\\\/luckyhorn.net\\\/it\\\/prodotto\\\/cristiano-cosa-cosa-sono-io-album-cd\\\/#primaryimage\"},\"image\":{\"@id\":\"https:\\\/\\\/luckyhorn.net\\\/it\\\/prodotto\\\/cristiano-cosa-cosa-sono-io-album-cd\\\/#primaryimage\"},\"thumbnailUrl\":\"https:\\\/\\\/luckyhorn.net\\\/wp-content\\\/uploads\\\/2025\\\/09\\\/mockup-cd-01.jpg\",\"datePublished\":\"2025-09-11T14:43:21+00:00\",\"dateModified\":\"2025-09-12T08:41:16+00:00\",\"description\":\"CD Album di Cristiano Cosa, Cosa Sono Io. Prima tiratura limitata, tabloid esclusivo e gadget in omaggio. Acquistalo subito!\",\"breadcrumb\":{\"@id\":\"https:\\\/\\\/luckyhorn.net\\\/it\\\/prodotto\\\/cristiano-cosa-cosa-sono-io-album-cd\\\/#breadcrumb\"},\"inLanguage\":\"it-IT\",\"potentialAction\":[{\"@type\":\"ReadAction\",\"target\":[\"https:\\\/\\\/luckyhorn.net\\\/it\\\/prodotto\\\/cristiano-cosa-cosa-sono-io-album-cd\\\/\"]}]},{\"@type\":\"ImageObject\",\"inLanguage\":\"it-IT\",\"@id\":\"https:\\\/\\\/luckyhorn.net\\\/it\\\/prodotto\\\/cristiano-cosa-cosa-sono-io-album-cd\\\/#primaryimage\",\"url\":\"https:\\\/\\\/luckyhorn.net\\\/wp-content\\\/uploads\\\/2025\\\/09\\\/mockup-cd-01.jpg\",\"contentUrl\":\"https:\\\/\\\/luckyhorn.net\\\/wp-content\\\/uploads\\\/2025\\\/09\\\/mockup-cd-01.jpg\",\"width\":1800,\"height\":1350},{\"@type\":\"BreadcrumbList\",\"@id\":\"https:\\\/\\\/luckyhorn.net\\\/it\\\/prodotto\\\/cristiano-cosa-cosa-sono-io-album-cd\\\/#breadcrumb\",\"itemListElement\":[{\"@type\":\"ListItem\",\"position\":1,\"name\":\"Home\",\"item\":\"https:\\\/\\\/luckyhorn.net\\\/it\\\/\"},{\"@type\":\"ListItem\",\"position\":2,\"name\":\"Shop\",\"item\":\"https:\\\/\\\/luckyhorn.net\\\/it\\\/shop\\\/\"},{\"@type\":\"ListItem\",\"position\":3,\"name\":\"Cristiano Cosa \u2013 Cosa Sono Io (Versione CD)\"}]},{\"@type\":\"WebSite\",\"@id\":\"https:\\\/\\\/luckyhorn.net\\\/it\\\/#website\",\"url\":\"https:\\\/\\\/luckyhorn.net\\\/it\\\/\",\"name\":\"Luckyhorn\",\"description\":\"\",\"publisher\":{\"@id\":\"https:\\\/\\\/luckyhorn.net\\\/it\\\/#organization\"},\"potentialAction\":[{\"@type\":\"SearchAction\",\"target\":{\"@type\":\"EntryPoint\",\"urlTemplate\":\"https:\\\/\\\/luckyhorn.net\\\/it\\\/?s={search_term_string}\"},\"query-input\":{\"@type\":\"PropertyValueSpecification\",\"valueRequired\":true,\"valueName\":\"search_term_string\"}}],\"inLanguage\":\"it-IT\"},{\"@type\":\"Organization\",\"@id\":\"https:\\\/\\\/luckyhorn.net\\\/it\\\/#organization\",\"name\":\"Luckyhorn\",\"url\":\"https:\\\/\\\/luckyhorn.net\\\/it\\\/\",\"logo\":{\"@type\":\"ImageObject\",\"inLanguage\":\"it-IT\",\"@id\":\"https:\\\/\\\/luckyhorn.net\\\/it\\\/#\\\/schema\\\/logo\\\/image\\\/\",\"url\":\"https:\\\/\\\/luckyhorn.net\\\/wp-content\\\/uploads\\\/2023\\\/01\\\/Luckyhorn_negativo.png\",\"contentUrl\":\"https:\\\/\\\/luckyhorn.net\\\/wp-content\\\/uploads\\\/2023\\\/01\\\/Luckyhorn_negativo.png\",\"width\":1638,\"height\":561,\"caption\":\"Luckyhorn\"},\"image\":{\"@id\":\"https:\\\/\\\/luckyhorn.net\\\/it\\\/#\\\/schema\\\/logo\\\/image\\\/\"}}]}<\/script>\n<!-- \/ Yoast SEO plugin. -->","yoast_head_json":{"title":"Cristiano Cosa \u2013 Cosa Sono Io (Versione CD) - Luckyhorn","description":"CD Album di Cristiano Cosa, Cosa Sono Io. Prima tiratura limitata, tabloid esclusivo e gadget in omaggio. Acquistalo subito!","robots":{"index":"index","follow":"follow","max-snippet":"max-snippet:-1","max-image-preview":"max-image-preview:large","max-video-preview":"max-video-preview:-1"},"canonical":"https:\/\/luckyhorn.net\/it\/prodotto\/cristiano-cosa-cosa-sono-io-album-cd\/","og_locale":"it_IT","og_type":"article","og_title":"Cristiano Cosa \u2013 Cosa Sono Io (Versione CD) - Luckyhorn","og_description":"CD Album di Cristiano Cosa, Cosa Sono Io. Prima tiratura limitata, tabloid esclusivo e gadget in omaggio. Acquistalo subito!","og_url":"https:\/\/luckyhorn.net\/it\/prodotto\/cristiano-cosa-cosa-sono-io-album-cd\/","og_site_name":"Luckyhorn","article_modified_time":"2025-09-12T08:41:16+00:00","og_image":[{"width":1800,"height":1350,"url":"http:\/\/luckyhorn.net\/wp-content\/uploads\/2025\/09\/mockup-cd-01.jpg","type":"image\/jpeg"}],"twitter_card":"summary_large_image","twitter_misc":{"Tempo di lettura stimato":"1 minuto"},"schema":{"@context":"https:\/\/schema.org","@graph":[{"@type":"WebPage","@id":"https:\/\/luckyhorn.net\/it\/prodotto\/cristiano-cosa-cosa-sono-io-album-cd\/","url":"https:\/\/luckyhorn.net\/it\/prodotto\/cristiano-cosa-cosa-sono-io-album-cd\/","name":"Cristiano Cosa \u2013 Cosa Sono Io (Versione CD) - Luckyhorn","isPartOf":{"@id":"https:\/\/luckyhorn.net\/it\/#website"},"primaryImageOfPage":{"@id":"https:\/\/luckyhorn.net\/it\/prodotto\/cristiano-cosa-cosa-sono-io-album-cd\/#primaryimage"},"image":{"@id":"https:\/\/luckyhorn.net\/it\/prodotto\/cristiano-cosa-cosa-sono-io-album-cd\/#primaryimage"},"thumbnailUrl":"https:\/\/luckyhorn.net\/wp-content\/uploads\/2025\/09\/mockup-cd-01.jpg","datePublished":"2025-09-11T14:43:21+00:00","dateModified":"2025-09-12T08:41:16+00:00","description":"CD Album di Cristiano Cosa, Cosa Sono Io. Prima tiratura limitata, tabloid esclusivo e gadget in omaggio. Acquistalo subito!","breadcrumb":{"@id":"https:\/\/luckyhorn.net\/it\/prodotto\/cristiano-cosa-cosa-sono-io-album-cd\/#breadcrumb"},"inLanguage":"it-IT","potentialAction":[{"@type":"ReadAction","target":["https:\/\/luckyhorn.net\/it\/prodotto\/cristiano-cosa-cosa-sono-io-album-cd\/"]}]},{"@type":"ImageObject","inLanguage":"it-IT","@id":"https:\/\/luckyhorn.net\/it\/prodotto\/cristiano-cosa-cosa-sono-io-album-cd\/#primaryimage","url":"https:\/\/luckyhorn.net\/wp-content\/uploads\/2025\/09\/mockup-cd-01.jpg","contentUrl":"https:\/\/luckyhorn.net\/wp-content\/uploads\/2025\/09\/mockup-cd-01.jpg","width":1800,"height":1350},{"@type":"BreadcrumbList","@id":"https:\/\/luckyhorn.net\/it\/prodotto\/cristiano-cosa-cosa-sono-io-album-cd\/#breadcrumb","itemListElement":[{"@type":"ListItem","position":1,"name":"Home","item":"https:\/\/luckyhorn.net\/it\/"},{"@type":"ListItem","position":2,"name":"Shop","item":"https:\/\/luckyhorn.net\/it\/shop\/"},{"@type":"ListItem","position":3,"name":"Cristiano Cosa \u2013 Cosa Sono Io (Versione CD)"}]},{"@type":"WebSite","@id":"https:\/\/luckyhorn.net\/it\/#website","url":"https:\/\/luckyhorn.net\/it\/","name":"Luckyhorn","description":"","publisher":{"@id":"https:\/\/luckyhorn.net\/it\/#organization"},"potentialAction":[{"@type":"SearchAction","target":{"@type":"EntryPoint","urlTemplate":"https:\/\/luckyhorn.net\/it\/?s={search_term_string}"},"query-input":{"@type":"PropertyValueSpecification","valueRequired":true,"valueName":"search_term_string"}}],"inLanguage":"it-IT"},{"@type":"Organization","@id":"https:\/\/luckyhorn.net\/it\/#organization","name":"Luckyhorn","url":"https:\/\/luckyhorn.net\/it\/","logo":{"@type":"ImageObject","inLanguage":"it-IT","@id":"https:\/\/luckyhorn.net\/it\/#\/schema\/logo\/image\/","url":"https:\/\/luckyhorn.net\/wp-content\/uploads\/2023\/01\/Luckyhorn_negativo.png","contentUrl":"https:\/\/luckyhorn.net\/wp-content\/uploads\/2023\/01\/Luckyhorn_negativo.png","width":1638,"height":561,"caption":"Luckyhorn"},"image":{"@id":"https:\/\/luckyhorn.net\/it\/#\/schema\/logo\/image\/"}}]}},"_links":{"self":[{"href":"https:\/\/luckyhorn.net\/it\/wp-json\/wp\/v2\/product\/2383","targetHints":{"allow":["GET"]}}],"collection":[{"href":"https:\/\/luckyhorn.net\/it\/wp-json\/wp\/v2\/product"}],"about":[{"href":"https:\/\/luckyhorn.net\/it\/wp-json\/wp\/v2\/types\/product"}],"replies":[{"embeddable":true,"href":"https:\/\/luckyhorn.net\/it\/wp-json\/wp\/v2\/comments?post=2383"}],"wp:featuredmedia":[{"embeddable":true,"href":"https:\/\/luckyhorn.net\/it\/wp-json\/wp\/v2\/media\/2387"}],"wp:attachment":[{"href":"https:\/\/luckyhorn.net\/it\/wp-json\/wp\/v2\/media?parent=2383"}],"wp:term":[{"taxonomy":"product_brand","embeddable":true,"href":"https:\/\/luckyhorn.net\/it\/wp-json\/wp\/v2\/product_brand?post=2383"},{"taxonomy":"product_cat","embeddable":true,"href":"https:\/\/luckyhorn.net\/it\/wp-json\/wp\/v2\/product_cat?post=2383"},{"taxonomy":"product_tag","embeddable":true,"href":"https:\/\/luckyhorn.net\/it\/wp-json\/wp\/v2\/product_tag?post=2383"}],"curies":[{"name":"wp","href":"https:\/\/api.w.org\/{rel}","templated":true}]}}